{"id":9136,"date":"2019-06-10T15:13:44","date_gmt":"2019-06-10T13:13:44","guid":{"rendered":"https:\/\/www.verex-tactical.com\/terms-of-conditions\/"},"modified":"2019-06-10T15:13:44","modified_gmt":"2019-06-10T13:13:44","slug":"terms-of-conditions","status":"publish","type":"page","link":"https:\/\/www.verex-tactical.com\/en\/terms-of-conditions\/","title":{"rendered":"Terms of conditions"},"content":{"rendered":"<p>Our terms of condition is written in German language, as our company is located in Salzburg, Austria.<br \/>\nAll of our agreements and conditions are based on Austrian law.<br \/>\nIf there is a legal issue the place of jurisdiction can only be in Salzburg, Austria.<\/p>\n<p><strong>Allgemeine Gesch\u00e4ftsbedingungen mit Kundeninformationen<\/strong><\/p>\n<p>1. Geltungsbereich<br \/>\n2. Angebote und Leistungsbeschreibungen<br \/>\n3. Bestellvorgang und Vertragsabschluss<br \/>\n4. Preise und Versandkosten<br \/>\n5. Lieferung, Warenverf\u00fcgbarkeit<br \/>\n6. Zahlungsmodalit\u00e4ten<br \/>\n7. Eigentumsvorbehalt<br \/>\n8. Sachm\u00e4ngelgew\u00e4hrleistung und Garantie<br \/>\n9. Haftung<br \/>\n10. Speicherung des Vertragstextes<br \/>\n11. Schlussbestimmungen<\/p>\n<p><em>1. Geltungsbereich<\/em><br \/>\n1.1. F\u00fcr die Gesch\u00e4ftsbeziehung zwischen VEREX Tactical &#8211; Ing. Alexander Haslauer (nachfolgend \u201eVerk\u00e4ufer\u201c) und dem Kunden (nachfolgend \u201eKunde\u201c) gelten ausschlie\u00dflich die nachfolgenden Allgemeinen Gesch\u00e4ftsbedingungen in ihrer zum Zeitpunkt der Bestellung g\u00fcltigen Fassung.<\/p>\n<p>1.2. Sie erreichen unseren Kundendienst f\u00fcr Fragen, Reklamationen und Beanstandungen Mo-Fr. von 10:00 &#8211; 18:00 Uhr unter der Telefonnummer +43 699 154 500 70 sowie per E-Mail unter info@verex-tactical.com.<\/p>\n<p>1.3. Verbraucher im Sinne dieser AGB ist jede nat\u00fcrliche Person, die ein Rechtsgesch\u00e4ft zu einem Zwecke abschlie\u00dft, der \u00fcberwiegend weder ihrer gewerblichen noch ihrer selbstst\u00e4ndigen beruflichen T\u00e4tigkeit zugerechnet werden kann (\u00a7 13 BGB).<\/p>\n<p>1.4. Abweichende Bedingungen des Kunden werden nicht anerkannt, es sei denn, der Verk\u00e4ufer stimmt ihrer Geltung ausdr\u00fccklich zu.<\/p>\n<p><em>2. Angebote und Leistungsbeschreibungen<\/em><br \/>\nDie Darstellung der Produkte im Online-Shop stellt kein rechtlich bindendes Angebot, sondern eine Aufforderung zur Abgabe einer Bestellung dar. Leistungsbeschreibungen in Katalogen sowie auf den Websites des Verk\u00e4ufers haben nicht den Charakter einer Zusicherung oder Garantie.<br \/>\nAlle Angebote gelten \u201esolange der Vorrat reicht\u201c, wenn nicht bei den Produkten etwas anderes vermerkt ist. Im \u00dcbrigen bleiben Irrt\u00fcmer vorbehalten.<\/p>\n<p>&nbsp;<\/p>\n<p><strong>3. Bestellvorgang und Vertragsabschluss<\/strong><br \/>\n3.1. Der Kunde kann aus dem Sortiment des Verk\u00e4ufers Produkte unverbindlich ausw\u00e4hlen und diese \u00fcber die Schaltfl\u00e4che &#8220;in den Warenkorb&#8221; in einem so genannten Warenkorb sammeln. Innerhalb des Warenkorbes kann die Produktauswahl ver\u00e4ndert, z.B. gel\u00f6scht werden. Anschlie\u00dfend kann der Kunde innerhalb des Warenkorbs \u00fcber die Schaltfl\u00e4che &#8220;Weiter zur Kasse&#8221; zum Abschluss des Bestellvorgangs schreiten.<\/p>\n<p>3.2. \u00dcber die Schaltfl\u00e4che &#8220;Zahlungspflichtig bestellen&#8221; gibt der Kunde einen verbindlichen Antrag zum Kauf der im Warenkorb befindlichen Waren ab. Vor Abschicken der Bestellung kann der Kunde die Daten jederzeit \u00e4ndern und einsehen sowie mithilfe der Browserfunktion &#8220;zur\u00fcck&#8221; zum Warenkorb zur\u00fcckgehen oder den Bestellvorgang insgesamt abbrechen. Notwendige Angaben sind mit einem Sternchen (*) gekennzeichnet.<\/p>\n<p>3.3. Der Verk\u00e4ufer schickt daraufhin dem Kunden eine automatische Empfangsbest\u00e4tigung per E-Mail zu, in welcher die Bestellung des Kunden nochmals aufgef\u00fchrt wird und die der Kunde \u00fcber die Funktion \u201eDrucken\u201c ausdrucken kann (Bestellbest\u00e4tigung). Die automatische Empfangsbest\u00e4tigung dokumentiert lediglich, dass die Bestellung des Kunden beim Verk\u00e4ufer eingegangen ist und stellt keine Annahme des Antrags dar. Der Kaufvertrag kommt erst dann zustande, wenn der Verk\u00e4ufer das bestellte Produkt an den Kunden versendet, \u00fcbergeben oder den Versand an den Kunden mit einer zweiten E-Mail, ausdr\u00fccklicher Auftragsbest\u00e4tigung oder Zusendung der Rechnung best\u00e4tigt hat.<\/p>\n<p>3.4. Bei Vorkassezahlung, kommt der Vertrag mit der Bereitstellung der Bankdaten und Zahlungsaufforderung zustande. Wenn die Zahlung trotz F\u00e4lligkeit auch nach erneuter Aufforderung nicht bis zu einem Zeitpunkt von 10 Kalendertagen nach Absendung der Bestellbest\u00e4tigung beim Verk\u00e4ufer eingegangen ist, tritt der Verk\u00e4ufer vom Vertrag zur\u00fcck mit der Folge, dass die Bestellung hinf\u00e4llig ist und den Verk\u00e4ufer keine Lieferpflicht trifft. Die Bestellung ist dann f\u00fcr den K\u00e4ufer und Verk\u00e4ufer ohne weitere Folgen erledigt. Eine Reservierung des Artikels bei Vorkassezahlungen erfolgt daher l\u00e4ngstens f\u00fcr 10 Kalendertage.<\/p>\n<p><strong>4. Preise und Versandkosten<\/strong><br \/>\n4.1. Alle Preise, die auf der Website des Verk\u00e4ufers angegeben sind, verstehen sich einschlie\u00dflich der jeweils g\u00fcltigen gesetzlichen Umsatzsteuer (20% laut \u00f6sterreichischem Umsatzsteuersatz).<\/p>\n<p>4.2. Zus\u00e4tzlich zu den angegebenen Preisen berechnet der Verk\u00e4ufer f\u00fcr die Lieferung Versandkosten. Die Versandkosten werden dem K\u00e4ufer auf einer gesonderten Informationsseite und im Rahmen des Bestellvorgangs deutlich mitgeteilt.<\/p>\n<p><strong>5. Lieferung, Warenverf\u00fcgbarkeit<\/strong><br \/>\n5.1. Soweit Vorkasse vereinbart ist, erfolgt die Lieferung nach Eingang des Rechnungsbetrages.<\/p>\n<p>5.2. Sollte die Zustellung der Ware durch Verschulden des K\u00e4ufers trotz Auslieferversuchs scheitern, kann der Verk\u00e4ufer vom Vertrag zur\u00fccktreten. Ggf. geleistete Zahlungen werden dem Kunden unverz\u00fcglich erstattet. Hierbei entstandene Kosten k\u00f6nnen dem Kunden verrechnet oder bei der R\u00fcckzahlung in Abzug gebracht werden.<\/p>\n<p>5.3. Wenn das bestellte Produkt nicht verf\u00fcgbar ist, weil der Verk\u00e4ufer mit diesem Produkt von seinem Lieferanten ohne eigenes Verschulden nicht beliefert wird, kann der Verk\u00e4ufer vom Vertrag zur\u00fccktreten. In diesem Fall wird der Verk\u00e4ufer den Kunden unverz\u00fcglich informieren und ihm ggf. die Lieferung eines vergleichbaren Produktes vorschlagen. Wenn kein vergleichbares Produkt verf\u00fcgbar ist oder der Kunde keine Lieferung eines vergleichbaren Produktes w\u00fcnscht, wird der Verk\u00e4ufer dem Kunden ggf. bereits erbrachte Gegenleistungen unverz\u00fcglich erstatten.<\/p>\n<p>5.4. Kunden werden \u00fcber Lieferzeiten und Lieferbeschr\u00e4nkungen (z.B. Beschr\u00e4nkung der Lieferungen auf bestimmten L\u00e4nder) auf einer gesonderten Informationsseite oder innerhalb der jeweiligen Produktbeschreibung unterrichtet.<br \/>\nSollte ein Artikel zwischenzeitlich ausverkauft sein, jedoch in absehbarer Zeit wieder zur Verf\u00fcgung stehen, wird der Kunde per eMail oder telefonisch \u00fcber den Lieferverzug unterrichtet und kann entscheiden, ob er vom Vertrag zur\u00fccktreten oder auf das Eintreffen der bestellten Waren warten wird.<\/p>\n<p><strong>6. Zahlungsmodalit\u00e4ten<\/strong><br \/>\n6.1. Der Kunde kann im Rahmen und vor Abschluss des Bestellvorgangs aus den zur Verf\u00fcgung stehenden Zahlungsarten w\u00e4hlen. Kunden werden \u00fcber die zur Verf\u00fcgung stehenden Zahlungsmittel auf einer gesonderten Informationsseite bzw. w\u00e4hrend des Bestellvorganges unterrichtet.<\/p>\n<p>6.2. Ist die Bezahlung per Rechnung im Ausnahmefall und nach ausdr\u00fccklicher Vereinbarung m\u00f6glich, hat die Zahlung innerhalb von 30 Tagen nach Erhalt der Ware und der Rechnung zu erfolgen. Bei allen anderen Zahlweisen hat die Zahlung im Voraus ohne Abzug zu erfolgen.<\/p>\n<p>6.3. Werden Drittanbieter mit der Zahlungsabwicklung beauftragt, z.B. Paypal. gelten deren Allgemeine Gesch\u00e4ftsbedingungen.<\/p>\n<p>6.4. Ist die F\u00e4lligkeit der Zahlung nach dem Kalender bestimmt, so kommt der Kunde bereits durch Vers\u00e4umung des Termins in Verzug. In diesem Fall hat der Kunde die gesetzlichen Verzugszinsen zu zahlen.<\/p>\n<p>6.5. Die Verpflichtung des Kunden zur Zahlung von Verzugszinsen schlie\u00dft die Geltendmachung weiterer Verzugssch\u00e4den durch den Verk\u00e4ufer nicht aus.<\/p>\n<p>6.6. Ein Recht zur Aufrechnung steht dem Kunden nur zu, wenn seine Gegenanspr\u00fcche rechtskr\u00e4ftig festgestellt oder von dem Verk\u00e4ufer anerkannt sind. Der Kunde kann ein Zur\u00fcckbehaltungsrecht nur aus\u00fcben, soweit die Anspr\u00fcche aus dem gleichen Vertragsverh\u00e4ltnis resultieren.<\/p>\n<p><strong>7. Eigentumsvorbehalt<\/strong><br \/>\nBis zur vollst\u00e4ndigen Bezahlung verbleiben die gelieferten Waren im Eigentum des Verk\u00e4ufers.<\/p>\n<p><strong>8. Sachm\u00e4ngelgew\u00e4hrleistung und Garantie<\/strong><br \/>\n8.1. Die Gew\u00e4hrleistung bestimmt sich nach gesetzlichen Vorschriften.<\/p>\n<p>8.2. Eine Garantie besteht bei den vom Verk\u00e4ufer gelieferten Waren nur, wenn diese ausdr\u00fccklich abgegeben wurde. Kunden werden \u00fcber die Garantiebedingungen vor der Einleitung des Bestellvorgangs informiert.<\/p>\n<p>8.3. Die Firma VEREX Tactical &#8211; Ing. Alexander Haslauer haftet ausdr\u00fccklich nicht f\u00fcr etwaige, bedingt durch die Bearbeitung hervorgerufene, oder enstandene Sachsch\u00e4den (zB. durch Bruch eines waffenrelevanten Teiles aufgrund zu hohen Materialabtrages).<br \/>\nRegressanspr\u00fcche k\u00f6nnen hier weder an den Hersteller noch an die Firma VEREX Tactical &#8211; Ing. Alexander Haslauer gestellt werden, da jede Ver\u00e4nderung an Feuerwaffen von der urspr\u00fcnglichen Ausf\u00fchrung bzw. Fertigung des Herstellers die Zuverl\u00e4ssigkeit der Waffe beeintr\u00e4chtigen kann und unter Umst\u00e4nden auch dazu f\u00fchren kann, dass die Waffe nach erfolgter Bearbeitung f\u00fcr den Betrieb unbrauchbar wird.<\/p>\n<p><strong>9. Haftung<\/strong><br \/>\n9.1. F\u00fcr eine Haftung des Verk\u00e4ufers auf Schadensersatz gelten unbeschadet der sonstigen gesetzlichen Anspruchsvoraussetzungen folgende Haftungsausschl\u00fcsse und -begrenzungen.<\/p>\n<p>9.2. Der Verk\u00e4ufer haftet unbeschr\u00e4nkt, soweit die Schadensursache auf Vorsatz oder grober Fahrl\u00e4ssigkeit beruht.<\/p>\n<p>9.3. Ferner haftet der Verk\u00e4ufer f\u00fcr die leicht fahrl\u00e4ssige Verletzung von wesentlichen Pflichten, deren Verletzung die Erreichung des Vertragszwecks gef\u00e4hrdet, oder f\u00fcr die Verletzung von Pflichten, deren Erf\u00fcllung die ordnungsgem\u00e4\u00dfe Durchf\u00fchrung des Vertrages \u00fcberhaupt erst erm\u00f6glicht und auf deren Einhaltung der Kunde regelm\u00e4\u00dfig vertraut. In diesem Fall haftet der Verk\u00e4ufer jedoch nur f\u00fcr den vorhersehbaren, vertragstypischen Schaden. Der Verk\u00e4ufer haftet nicht f\u00fcr die leicht fahrl\u00e4ssige Verletzung anderer als der in den vorstehenden S\u00e4tzen genannten Pflichten.<\/p>\n<p>9.4. Soweit die Haftung des Verk\u00e4ufers ausgeschlossen oder beschr\u00e4nkt ist, gilt dies auch f\u00fcr die pers\u00f6nliche Haftung von Arbeitnehmern, Vertretern und Erf\u00fcllungsgehilfen.<\/p>\n<p>9.5. Um die Sicherheit nach spanabtragenden Bearbeitungen bzw. W\u00e4rmebehandlungen von hochbeanspruchten Waffenteilen (Lauf, Verschluss, etc.) zu gew\u00e4hrleisten, erfolgt, geltend der Bestimmungen des \u00d6sterreichischen Beschussgesetzes in seiner aktuell g\u00fcltigen Fassung, ein Neubeschuss am Beschussamt Wien nach allen Ma\u00dfregeln der CIP-Normen.<br \/>\nF\u00fcr die Sicherheit des weiteren Betriebes von Feuerwaffen nach oben genannten Bearbeitungen haftet die Firma VEREX Tactical &#8211; Ing. Alexander Haslauer nicht und kann im Schadensfall auch nicht f\u00fcr Schadenersatzanspr\u00fcche haftbar gemacht werden.<br \/>\nEs ist Aufgabe des Beschussamtes Wien, festzustellen ob die Sicherheit f\u00fcr den weiteren Betrieb, der nach Kundenwunsch bearbeiteten Feuerwaffe(n), weiterhin gegeben ist.<br \/>\nIm Schadensfall k\u00f6nnen Regressanspr\u00fcche h\u00f6chstens an das Beschussamt Wien gestellt werden.<br \/>\nDie Firma VEREX Tactical &#8211; Ing. Alexander Haslauer haftet ausdr\u00fccklich NICHT f\u00fcr etwaige, bedingt durch die Bearbeitung hervorgerufene oder enstandene Sach- oder Personensch\u00e4den (zB. durch Bruch eines waffenrelevanten Teiles aufgrund zu hohen Materialabtrages).<br \/>\nSofern f\u00fcr die Firma VEREX Tactical &#8211; Ing. Alexander Haslauer bereits vor der Bearbeitung erkennbar oder abzusch\u00e4tzen ist, dass durch die vom Kunden beauftragen Bearbeitungen eine Gef\u00e4hrdung bestehen k\u00f6nnte, wird der Kunde dar\u00fcber informiert und ggf. vorab R\u00fccksprache mit dem Beschussamt gehalten.<br \/>\nDie Firma VEREX Tactical &#8211; Ing. Alexander Haslauer beh\u00e4lt sich das Recht vor Auftr\u00e4ge abzulehnen, sofern vorab das Risiko f\u00fcr eine Gef\u00e4hrdung der Betriebssicherheiut einer Waffe erkennbar ist und der Kunde von seinen Bearbeitungsw\u00fcnschen trotz diesews Hinweises nicht abweichen m\u00f6chte.<\/p>\n<p><strong>10. Speicherung des Vertragstextes<\/strong><br \/>\n10.1. Der Kunde kann den Vertragstext vor der Abgabe der Bestellung an den Verk\u00e4ufer ausdrucken, indem er im letzten Schritt der Bestellung die Druckfunktion seines Browsers nutzt.<\/p>\n<p>10.2. Der Verk\u00e4ufer sendet dem Kunden au\u00dferdem eine Bestellbest\u00e4tigung mit allen Bestelldaten an die von Ihm angegebene E-Mail-Adresse zu. Sofern Sie sich in unserem Shop registriert haben sollten, k\u00f6nnen Sie in Ihrem Profilbereich Ihre aufgegebenen Bestellungen einsehen. Dar\u00fcber hinaus speichern wir den Vertragstext, machen ihn jedoch im Internet nicht zug\u00e4nglich.<\/p>\n<p><strong><strong>11. Schlussbestimmungen<\/strong><br \/>\n<\/strong>11.1. Gerichtstand und Erf\u00fcllungsort ist der Sitz des Verk\u00e4ufers.<\/p>\n<p>11.2. Die Vertragssprache ist Deutsch.<\/p>\n<p>11.3. Plattform der Europ\u00e4ischen Kommission zur Online-Streitbeilegung (OS) f\u00fcr Verbraucher: <a href=\"http:\/\/ec.europa.eu\/consumers\/odr\/\">http:\/\/ec.europa.eu\/consumers\/odr\/<\/a>. Wir sind nicht bereit und nicht verpflichtet an einem Streitbeilegungsverfahren vor einer Verbraucherschlichtungsstelle teilzunehmen.<\/p>\n","protected":false},"excerpt":{"rendered":"<p>Our terms of condition is written in German language, as our company is located in Salzburg, Austria. All of our agreements and conditions are based&#8230;<\/p>\n","protected":false},"author":7,"featured_media":0,"parent":0,"menu_order":0,"comment_status":"closed","ping_status":"closed","template":"","meta":{"_price":"","_stock":"","_tribe_ticket_header":"","_tribe_default_ticket_provider":"","_ticket_start_date":"","_ticket_end_date":"","_tribe_ticket_show_description":"","_tribe_ticket_show_not_going":false,"_tribe_ticket_use_global_stock":"","_tribe_ticket_global_stock_level":"","_global_stock_mode":"","_global_stock_cap":"","_tribe_rsvp_for_event":"","_tribe_ticket_going_count":"","_tribe_ticket_not_going_count":"","_tribe_tickets_list":"[]","_tribe_ticket_has_attendee_info_fields":false,"footnotes":"","_tec_slr_enabled":"","_tec_slr_layout":"","_wp_rev_ctl_limit":""},"class_list":["post-9136","page","type-page","status-publish"],"yoast_head":"<!-- This site is optimized with the Yoast SEO plugin v26.9 - https:\/\/yoast.com\/product\/yoast-seo-wordpress\/ -->\n<title>Terms of conditions &#8211; VEREX Tactical<\/title>\n<meta name=\"robots\" content=\"index, follow, max-snippet:-1, max-image-preview:large, max-video-preview:-1\" \/>\n<link rel=\"canonical\" href=\"https:\/\/www.verex-tactical.com\/en\/terms-of-conditions\/\" \/>\n<meta property=\"og:locale\" content=\"en_US\" \/>\n<meta property=\"og:type\" content=\"article\" \/>\n<meta property=\"og:title\" content=\"Terms of conditions &#8211; VEREX Tactical\" \/>\n<meta property=\"og:description\" content=\"Our terms of condition is written in German language, as our company is located in Salzburg, Austria. All of our agreements and conditions are based...\" \/>\n<meta property=\"og:url\" content=\"https:\/\/www.verex-tactical.com\/en\/terms-of-conditions\/\" \/>\n<meta property=\"og:site_name\" content=\"VEREX Tactical\" \/>\n<meta property=\"article:publisher\" content=\"https:\/\/www.facebook.com\/verextacticaltuning\/\" \/>\n<meta name=\"twitter:card\" content=\"summary_large_image\" \/>\n<meta name=\"twitter:label1\" content=\"Est. reading time\" \/>\n\t<meta name=\"twitter:data1\" content=\"9 minutes\" \/>\n<script type=\"application\/ld+json\" class=\"yoast-schema-graph\">{\"@context\":\"https:\/\/schema.org\",\"@graph\":[{\"@type\":\"WebPage\",\"@id\":\"https:\/\/www.verex-tactical.com\/en\/terms-of-conditions\/\",\"url\":\"https:\/\/www.verex-tactical.com\/en\/terms-of-conditions\/\",\"name\":\"Terms of conditions &#8211; VEREX Tactical\",\"isPartOf\":{\"@id\":\"https:\/\/www.verex-tactical.com\/en\/#website\"},\"datePublished\":\"2019-06-10T13:13:44+00:00\",\"breadcrumb\":{\"@id\":\"https:\/\/www.verex-tactical.com\/en\/terms-of-conditions\/#breadcrumb\"},\"inLanguage\":\"en-US\",\"potentialAction\":[{\"@type\":\"ReadAction\",\"target\":[\"https:\/\/www.verex-tactical.com\/en\/terms-of-conditions\/\"]}]},{\"@type\":\"BreadcrumbList\",\"@id\":\"https:\/\/www.verex-tactical.com\/en\/terms-of-conditions\/#breadcrumb\",\"itemListElement\":[{\"@type\":\"ListItem\",\"position\":1,\"name\":\"Startseite\",\"item\":\"https:\/\/www.verex-tactical.com\/en\/\"},{\"@type\":\"ListItem\",\"position\":2,\"name\":\"Terms of conditions\"}]},{\"@type\":\"WebSite\",\"@id\":\"https:\/\/www.verex-tactical.com\/en\/#website\",\"url\":\"https:\/\/www.verex-tactical.com\/en\/\",\"name\":\"VEREX Tactical\",\"description\":\"Europas Nummer 1 bei Waffenveredelung und Tuning -  CNC Fr\u00e4sen, CNC Laser, Cerakote, PVD &amp; DLC, und vieles mehr um die eigene Waffe zum Unikat zu machen.\",\"publisher\":{\"@id\":\"https:\/\/www.verex-tactical.com\/en\/#organization\"},\"potentialAction\":[{\"@type\":\"SearchAction\",\"target\":{\"@type\":\"EntryPoint\",\"urlTemplate\":\"https:\/\/www.verex-tactical.com\/en\/?s={search_term_string}\"},\"query-input\":{\"@type\":\"PropertyValueSpecification\",\"valueRequired\":true,\"valueName\":\"search_term_string\"}}],\"inLanguage\":\"en-US\"},{\"@type\":\"Organization\",\"@id\":\"https:\/\/www.verex-tactical.com\/en\/#organization\",\"name\":\"VEREX Tactical\",\"url\":\"https:\/\/www.verex-tactical.com\/en\/\",\"logo\":{\"@type\":\"ImageObject\",\"inLanguage\":\"en-US\",\"@id\":\"https:\/\/www.verex-tactical.com\/en\/#\/schema\/logo\/image\/\",\"url\":\"https:\/\/www.verex-tactical.com\/wp-content\/uploads\/2018\/02\/verex-tactical-tuning-waffen-pistole-glock-sig-sauer-17-cz-walther-visier-bruenieren-ar15-red-dot-beschichtung-tuning-cerakote-stippling-griptech-salzburg-logo-square-blue.svg\",\"contentUrl\":\"https:\/\/www.verex-tactical.com\/wp-content\/uploads\/2018\/02\/verex-tactical-tuning-waffen-pistole-glock-sig-sauer-17-cz-walther-visier-bruenieren-ar15-red-dot-beschichtung-tuning-cerakote-stippling-griptech-salzburg-logo-square-blue.svg\",\"width\":184,\"height\":180,\"caption\":\"VEREX Tactical\"},\"image\":{\"@id\":\"https:\/\/www.verex-tactical.com\/en\/#\/schema\/logo\/image\/\"},\"sameAs\":[\"https:\/\/www.facebook.com\/verextacticaltuning\/\",\"https:\/\/www.instagram.com\/verextactical\/\",\"https:\/\/www.youtube.com\/channel\/UCD4fGhi2kDeHTmr0lZ7un9A\/videos\"]}]}<\/script>\n<!-- \/ Yoast SEO plugin. -->","yoast_head_json":{"title":"Terms of conditions &#8211; VEREX Tactical","robots":{"index":"index","follow":"follow","max-snippet":"max-snippet:-1","max-image-preview":"max-image-preview:large","max-video-preview":"max-video-preview:-1"},"canonical":"https:\/\/www.verex-tactical.com\/en\/terms-of-conditions\/","og_locale":"en_US","og_type":"article","og_title":"Terms of conditions &#8211; VEREX Tactical","og_description":"Our terms of condition is written in German language, as our company is located in Salzburg, Austria. All of our agreements and conditions are based...","og_url":"https:\/\/www.verex-tactical.com\/en\/terms-of-conditions\/","og_site_name":"VEREX Tactical","article_publisher":"https:\/\/www.facebook.com\/verextacticaltuning\/","twitter_card":"summary_large_image","twitter_misc":{"Est. reading time":"9 minutes"},"schema":{"@context":"https:\/\/schema.org","@graph":[{"@type":"WebPage","@id":"https:\/\/www.verex-tactical.com\/en\/terms-of-conditions\/","url":"https:\/\/www.verex-tactical.com\/en\/terms-of-conditions\/","name":"Terms of conditions &#8211; VEREX Tactical","isPartOf":{"@id":"https:\/\/www.verex-tactical.com\/en\/#website"},"datePublished":"2019-06-10T13:13:44+00:00","breadcrumb":{"@id":"https:\/\/www.verex-tactical.com\/en\/terms-of-conditions\/#breadcrumb"},"inLanguage":"en-US","potentialAction":[{"@type":"ReadAction","target":["https:\/\/www.verex-tactical.com\/en\/terms-of-conditions\/"]}]},{"@type":"BreadcrumbList","@id":"https:\/\/www.verex-tactical.com\/en\/terms-of-conditions\/#breadcrumb","itemListElement":[{"@type":"ListItem","position":1,"name":"Startseite","item":"https:\/\/www.verex-tactical.com\/en\/"},{"@type":"ListItem","position":2,"name":"Terms of conditions"}]},{"@type":"WebSite","@id":"https:\/\/www.verex-tactical.com\/en\/#website","url":"https:\/\/www.verex-tactical.com\/en\/","name":"VEREX Tactical","description":"Europas Nummer 1 bei Waffenveredelung und Tuning -  CNC Fr\u00e4sen, CNC Laser, Cerakote, PVD &amp; DLC, und vieles mehr um die eigene Waffe zum Unikat zu machen.","publisher":{"@id":"https:\/\/www.verex-tactical.com\/en\/#organization"},"potentialAction":[{"@type":"SearchAction","target":{"@type":"EntryPoint","urlTemplate":"https:\/\/www.verex-tactical.com\/en\/?s={search_term_string}"},"query-input":{"@type":"PropertyValueSpecification","valueRequired":true,"valueName":"search_term_string"}}],"inLanguage":"en-US"},{"@type":"Organization","@id":"https:\/\/www.verex-tactical.com\/en\/#organization","name":"VEREX Tactical","url":"https:\/\/www.verex-tactical.com\/en\/","logo":{"@type":"ImageObject","inLanguage":"en-US","@id":"https:\/\/www.verex-tactical.com\/en\/#\/schema\/logo\/image\/","url":"https:\/\/www.verex-tactical.com\/wp-content\/uploads\/2018\/02\/verex-tactical-tuning-waffen-pistole-glock-sig-sauer-17-cz-walther-visier-bruenieren-ar15-red-dot-beschichtung-tuning-cerakote-stippling-griptech-salzburg-logo-square-blue.svg","contentUrl":"https:\/\/www.verex-tactical.com\/wp-content\/uploads\/2018\/02\/verex-tactical-tuning-waffen-pistole-glock-sig-sauer-17-cz-walther-visier-bruenieren-ar15-red-dot-beschichtung-tuning-cerakote-stippling-griptech-salzburg-logo-square-blue.svg","width":184,"height":180,"caption":"VEREX Tactical"},"image":{"@id":"https:\/\/www.verex-tactical.com\/en\/#\/schema\/logo\/image\/"},"sameAs":["https:\/\/www.facebook.com\/verextacticaltuning\/","https:\/\/www.instagram.com\/verextactical\/","https:\/\/www.youtube.com\/channel\/UCD4fGhi2kDeHTmr0lZ7un9A\/videos"]}]}},"ticketed":false,"_links":{"self":[{"href":"https:\/\/www.verex-tactical.com\/en\/wp-json\/wp\/v2\/pages\/9136","targetHints":{"allow":["GET"]}}],"collection":[{"href":"https:\/\/www.verex-tactical.com\/en\/wp-json\/wp\/v2\/pages"}],"about":[{"href":"https:\/\/www.verex-tactical.com\/en\/wp-json\/wp\/v2\/types\/page"}],"author":[{"embeddable":true,"href":"https:\/\/www.verex-tactical.com\/en\/wp-json\/wp\/v2\/users\/7"}],"replies":[{"embeddable":true,"href":"https:\/\/www.verex-tactical.com\/en\/wp-json\/wp\/v2\/comments?post=9136"}],"version-history":[{"count":0,"href":"https:\/\/www.verex-tactical.com\/en\/wp-json\/wp\/v2\/pages\/9136\/revisions"}],"wp:attachment":[{"href":"https:\/\/www.verex-tactical.com\/en\/wp-json\/wp\/v2\/media?parent=9136"}],"curies":[{"name":"wp","href":"https:\/\/api.w.org\/{rel}","templated":true}]}}